{"id":60,"date":"2020-08-28T04:02:52","date_gmt":"2020-08-28T04:02:52","guid":{"rendered":"http:\/\/inmobiliariadc.com\/?page_id=60"},"modified":"2021-06-20T10:40:21","modified_gmt":"2021-06-20T13:40:21","slug":"construimos-dc","status":"publish","type":"page","link":"https:\/\/inmobiliariadc.com\/index.php\/construimos-dc\/","title":{"rendered":"Construimos DC"},"content":{"rendered":"<p>[vc_section css_animation=&#8221;none&#8221;][vc_row gap=&#8221;30&#8243;][vc_column][vc_row_inner][vc_column_inner width=&#8221;2\/3&#8243;][vc_column_text css=&#8221;.vc_custom_1603937451597{padding-top: 15px !important;}&#8221;]<span style=\"font-size: 18pt;\"><strong>Construimos DC<\/strong> se forma con el objetivo de cubrir la demanda y necesidad de clientes que manifiestan dificultad a la hora de encontrar personal responsable para que trabaje en su domicilio o su empresa.<\/span><\/p>\n<p><span style=\"font-size: 18pt;\">Nosotros direccionamos nuestra energ\u00eda a cubrir esta demanda, seleccionando personal id\u00f3neo de cada oficio, trabajando con materiales de primera calidad y eligiendo los proveedores m\u00e1s confiables de la regi\u00f3n.<\/span>[\/vc_column_text][\/vc_column_inner][vc_column_inner width=&#8221;1\/3&#8243;][vc_single_image image=&#8221;499&#8243; img_size=&#8221;medium&#8221; alignment=&#8221;center&#8221;][\/vc_column_inner][\/vc_row_inner][vc_column_text]<\/p>\n<h5>Servicios<\/h5>\n<p>[\/vc_column_text][vc_row_inner][vc_column_inner width=&#8221;1\/2&#8243;][vc_single_image image=&#8221;492&#8243; img_size=&#8221;120&#215;120&#8243; alignment=&#8221;center&#8221;][vc_column_text]<\/p>\n<h6 style=\"text-align: center;\"><span style=\"color: #333333;\">Arquitectura<\/span><\/h6>\n<p style=\"text-align: center;\"><span style=\"color: #808080;\"><span style=\"font-size: 14pt;\">Proyectos | Planos | Conducci\u00f3n | <\/span><span style=\"font-size: 14pt;\">Direcci\u00f3n de obras<\/span><\/span><\/p>\n<p>[\/vc_column_text][\/vc_column_inner][vc_column_inner width=&#8221;1\/2&#8243;][vc_single_image image=&#8221;491&#8243; img_size=&#8221;120&#215;120&#8243; alignment=&#8221;center&#8221;][vc_column_text]<\/p>\n<h6 style=\"text-align: center;\"><span style=\"color: #333333;\">Agrimensura<\/span><\/h6>\n<p>[\/vc_column_text][\/vc_column_inner][\/vc_row_inner][vc_row_inner][vc_column_inner][vc_separator color=&#8221;black&#8221; style=&#8221;shadow&#8221; border_width=&#8221;2&#8243;][\/vc_column_inner][\/vc_row_inner][vc_row_inner][vc_column_inner][vc_column_text]<\/p>\n<h5>Oficios<\/h5>\n<p>[\/vc_column_text][\/vc_column_inner][\/vc_row_inner][vc_row_inner gap=&#8221;25&#8243;][vc_column_inner width=&#8221;1\/3&#8243;][vc_single_image image=&#8221;496&#8243; img_size=&#8221;92&#215;120&#8243; alignment=&#8221;center&#8221;][vc_column_text]<\/p>\n<h6 style=\"text-align: center;\"><span style=\"color: #333333;\">Gasista matriculado<\/span><\/h6>\n<p>[\/vc_column_text][\/vc_column_inner][vc_column_inner width=&#8221;1\/3&#8243;][vc_single_image image=&#8221;495&#8243; img_size=&#8221;120&#215;120&#8243; alignment=&#8221;center&#8221;][vc_column_text]<\/p>\n<h6 style=\"text-align: center;\"><span style=\"color: #333333;\">Electricista matriculado<\/span><\/h6>\n<p>[\/vc_column_text][\/vc_column_inner][vc_column_inner width=&#8221;1\/3&#8243;][vc_single_image image=&#8221;494&#8243; img_size=&#8221;120&#215;120&#8243; alignment=&#8221;center&#8221;][vc_column_text]<\/p>\n<h6 style=\"text-align: center;\"><span style=\"color: #333333;\">Construcci\u00f3n de obras<\/span><\/h6>\n<p>[\/vc_column_text][\/vc_column_inner][\/vc_row_inner][vc_row_inner gap=&#8221;25&#8243;][vc_column_inner width=&#8221;1\/3&#8243;][vc_single_image image=&#8221;498&#8243; img_size=&#8221;104&#215;120&#8243; alignment=&#8221;center&#8221;][vc_column_text]<\/p>\n<h6 style=\"text-align: center;\"><span style=\"color: #333333;\">Pintura y revestimiento<\/span><\/h6>\n<p style=\"text-align: center;\"><span style=\"font-size: 14pt; color: #808080;\">Trabajos en altura | Mantenimiento de edificios | Puesta en valor de fachadas | Hidrolavado de techos, pisos, frentes | Pintura de pileta | Revestimiento texturados<\/span><\/p>\n<p>[\/vc_column_text][\/vc_column_inner][vc_column_inner width=&#8221;1\/3&#8243;][vc_single_image image=&#8221;493&#8243; img_size=&#8221;136&#215;120&#8243; alignment=&#8221;center&#8221;][vc_column_text]<\/p>\n<h6 style=\"text-align: center;\"><span style=\"color: #333333;\">Construcci\u00f3n en seco\/ Steel framing<\/span><\/h6>\n<p>[\/vc_column_text][\/vc_column_inner][vc_column_inner width=&#8221;1\/3&#8243;][vc_single_image image=&#8221;497&#8243; img_size=&#8221;136&#215;120&#8243; alignment=&#8221;center&#8221;][vc_column_text]<\/p>\n<h6 style=\"text-align: center;\"><span style=\"color: #333333;\">Limpieza<\/span><\/h6>\n<p style=\"text-align: center;\"><span style=\"font-size: 14pt; color: #808080;\">Centros comerciales y grandes \u00e1reas |Instituciones deportivas | Colegios | Plantas industriales | Limpieza final de obra<\/span><\/p>\n<p>[\/vc_column_text][\/vc_column_inner][\/vc_row_inner][vc_row_inner][vc_column_inner][vc_separator color=&#8221;black&#8221; style=&#8221;shadow&#8221; border_width=&#8221;2&#8243;][\/vc_column_inner][\/vc_row_inner][vc_row_inner][vc_column_inner][vc_column_text]<\/p>\n<h5>Materiales<\/h5>\n<p><span style=\"color: #333333;\">La selecci\u00f3n de los materiales, proveedores y profesionales son fundamentales para garantizar una perdurabilidad y habitabilidad \u00f3ptima en todo lo que hacemos<\/span>.[\/vc_column_text][\/vc_column_inner][\/vc_row_inner][vc_separator color=&#8221;black&#8221; style=&#8221;shadow&#8221; border_width=&#8221;2&#8243;][vc_row_inner][vc_column_inner][vc_column_text css_animation=&#8221;none&#8221;]<\/p>\n<h5>Garant\u00eda<\/h5>\n<p><span style=\"color: #333333;\">Nuestro objetivo post trabajo realizado es evaluar y solucionar los eventuales problemas que se puedan presentar.<\/span>[\/vc_column_text][\/vc_column_inner][\/vc_row_inner][vc_separator color=&#8221;black&#8221; style=&#8221;shadow&#8221; border_width=&#8221;2&#8243;][vc_row_inner gap=&#8221;30&#8243;][vc_column_inner width=&#8221;1\/2&#8243;][vc_column_text css_animation=&#8221;none&#8221;]<\/p>\n<h5>Misi\u00f3n<\/h5>\n<p><span style=\"color: #333333;\">La misi\u00f3n de Construimos DC es la de brindar servicios de mantenimiento y construcci\u00f3n de la m\u00e1s alta calidad, para satisfacer plenamente las necesidades de nuestros clientes, de manera que asegure una rentabilidad tal que conforme las expectativas de sus propietarios y posibilite su crecimiento como empresa para cumplir su compromiso social de participaci\u00f3n en la generaci\u00f3n de puestos de trabajo.<\/span>[\/vc_column_text][\/vc_column_inner][vc_column_inner width=&#8221;1\/2&#8243;][vc_column_text css_animation=&#8221;none&#8221;]<\/p>\n<h5>Visi\u00f3n<\/h5>\n<p><span style=\"color: #333333;\">La visi\u00f3n de Construimos DC es mantener y desarrollar nuevos mercados dentro de la industria de la construcci\u00f3n, \u00a0aplicando la b\u00fasqueda de soluciones a las situaciones m\u00e1s dif\u00edciles, generando valor, confianza y crecimiento mutuo, logrando as\u00ed, la satisfacci\u00f3n de las necesidades de nuestros clientes.<\/span>[\/vc_column_text][\/vc_column_inner][\/vc_row_inner][vc_separator color=&#8221;black&#8221; style=&#8221;shadow&#8221; border_width=&#8221;2&#8243;][\/vc_column][\/vc_row][vc_row][vc_column][vc_column_text css_animation=&#8221;none&#8221;]<\/p>\n<h5>\u00bfPor qu\u00e9 elegirnos?<\/h5>\n<p><span style=\"color: #333333;\">Las particularidades que nos caracterizan son la calidad y responsabilidad de nuestros trabajos, servicio personalizado, asesoramiento y la generaci\u00f3n continua de nuevos emprendimientos, as\u00ed como tambi\u00e9n, captar nuevos clientes y asesorarlos, brind\u00e1ndoles la tranquilidad de una buena gesti\u00f3n.<\/span>[\/vc_column_text]<div class=\"spacer\" style=\"height:40px;\"><\/div>[\/vc_column][\/vc_row][\/vc_section]<\/p>\n","protected":false},"excerpt":{"rendered":"<p>[vc_section css_animation=&#8221;none&#8221;][vc_row gap=&#8221;30&#8243;][vc_column][vc_row_inner][vc_column_inner width=&#8221;2\/3&#8243;][vc_column_text css=&#8221;.vc_custom_1603937451597{padding-top: 15px !important;}&#8221;]Construimos DC se forma con el objetivo de cubrir la demanda y necesidad de clientes que manifiestan dificultad a la hora de encontrar personal responsable para que trabaje en su domicilio o su empresa. Nosotros direccionamos nuestra energ\u00eda a cubrir esta demanda, seleccionando personal id\u00f3neo de cada oficio, trabajando con materiales de primera calidad y eligiendo los proveedores &#8230;<\/p>\n","protected":false},"author":1,"featured_media":0,"parent":0,"menu_order":0,"comment_status":"closed","ping_status":"closed","template":"","meta":{"inline_featured_image":false,"_joinchat":[],"footnotes":""},"class_list":["post-60","page","type-page","status-publish","hentry"],"_links":{"self":[{"href":"https:\/\/inmobiliariadc.com\/index.php\/wp-json\/wp\/v2\/pages\/60","targetHints":{"allow":["GET"]}}],"collection":[{"href":"https:\/\/inmobiliariadc.com\/index.php\/wp-json\/wp\/v2\/pages"}],"about":[{"href":"https:\/\/inmobiliariadc.com\/index.php\/wp-json\/wp\/v2\/types\/page"}],"author":[{"embeddable":true,"href":"https:\/\/inmobiliariadc.com\/index.php\/wp-json\/wp\/v2\/users\/1"}],"replies":[{"embeddable":true,"href":"https:\/\/inmobiliariadc.com\/index.php\/wp-json\/wp\/v2\/comments?post=60"}],"version-history":[{"count":68,"href":"https:\/\/inmobiliariadc.com\/index.php\/wp-json\/wp\/v2\/pages\/60\/revisions"}],"predecessor-version":[{"id":20749,"href":"https:\/\/inmobiliariadc.com\/index.php\/wp-json\/wp\/v2\/pages\/60\/revisions\/20749"}],"wp:attachment":[{"href":"https:\/\/inmobiliariadc.com\/index.php\/wp-json\/wp\/v2\/media?parent=60"}],"curies":[{"name":"wp","href":"https:\/\/api.w.org\/{rel}","templated":true}]}}