{"id":40,"date":"2020-08-26T16:12:43","date_gmt":"2020-08-26T16:12:43","guid":{"rendered":"http:\/\/inmobiliariadc.com\/?page_id=40"},"modified":"2020-11-06T01:36:32","modified_gmt":"2020-11-06T04:36:32","slug":"nosotros","status":"publish","type":"page","link":"https:\/\/inmobiliariadc.com\/index.php\/nosotros\/","title":{"rendered":"Nosotros"},"content":{"rendered":"<p>[vc_section full_width=&#8221;stretch_row&#8221; css=&#8221;.vc_custom_1599010721686{background-position: center !important;background-repeat: no-repeat !important;background-size: cover !important;}&#8221;][vc_row][vc_column][vc_single_image image=&#8221;553&#8243; img_size=&#8221;1200&#215;300&#8243; alignment=&#8221;center&#8221;][\/vc_column][\/vc_row][vc_row][vc_column][vc_column_text el_class=&#8221;nosotros-dc&#8221;]<strong>DC INMOBILIARIA<\/strong> es una empresa joven, con gran liderazgo y visi\u00f3n de futuro, que ha comenzado sus actividades en el rubro inmobiliario en la ciudad de Santa Fe y alrededores.<\/p>\n<p>Entendemos que en la actividad intervienen diferentes profesionales, donde cada uno desde su lugar aporta su visi\u00f3n y recomendaci\u00f3n t\u00e9cnica, corredores inmobiliarios, arquitectos, constructores y dise\u00f1adores de la construcci\u00f3n, agrimensores, escribanos, asesores jur\u00eddicos y contables; para un completo servicio en la compra o venta de un inmueble.<\/p>\n<p>Nuestra estructura cuenta con el asesoramiento de profesionales id\u00f3neos y los pone a disposici\u00f3n, atendiendo todas sus necesidades en el mismo lugar.<\/p>\n<p>Todas estas modalidades de trabajo, adem\u00e1s del c\u00e1lido servicio personalizado, representan para los clientes una relaci\u00f3n comercial seria y confiable.<\/p>\n<p>No dude en contactarse con nosotros para hacernos llegar cualquier inquietud.<\/p>\n<p>No deje de visitar nuestra p\u00e1gina para conocer nuestra cartera de propiedades y nuestros proyectos de inversi\u00f3n.[\/vc_column_text][\/vc_column][\/vc_row][vc_row][vc_column][vc_separator color=&#8221;black&#8221; style=&#8221;shadow&#8221;][vc_column_text]<\/p>\n<h6>Visi\u00f3n<\/h6>\n<p>[\/vc_column_text][\/vc_column][\/vc_row][vc_row][vc_column][vc_column_text]Como equipo de trabajo es ser reconocidos y representar a nuestros clientes en el mercado inmobiliario, brindando un servicio profesional, eficiente y eficaz; transmitiendo tranquilidad y confianza en las operaciones inmobiliarias.[\/vc_column_text][\/vc_column][\/vc_row][vc_row][vc_column][vc_column_text]<\/p>\n<h6>Misi\u00f3n<\/h6>\n<p>[\/vc_column_text][\/vc_column][\/vc_row][vc_row][vc_column][vc_column_text]Nuestra estructura busca modificar de manera natural la vida de nuestros clientes, ofreciendo seguridad en sus experiencias inmobiliarias, a trav\u00e9s del asesoramiento de un equipo profesional, competente y comprometido para realizar sus sue\u00f1os.[\/vc_column_text][\/vc_column][\/vc_row][vc_row][vc_column][vc_column_text]<strong>Honestidad, seriedad, confidencialidad, responsabilidad, confianza y empat\u00eda nos representan.<\/strong>[\/vc_column_text][\/vc_column][\/vc_row][\/vc_section][vc_row][vc_column]<div class=\"spacer\" style=\"height:40px;\"><\/div>[\/vc_column][\/vc_row]<\/p>\n","protected":false},"excerpt":{"rendered":"<p>[vc_section full_width=&#8221;stretch_row&#8221; css=&#8221;.vc_custom_1599010721686{background-position: center !important;background-repeat: no-repeat !important;background-size: cover !important;}&#8221;][vc_row][vc_column][vc_single_image image=&#8221;553&#8243; img_size=&#8221;1200&#215;300&#8243; alignment=&#8221;center&#8221;][\/vc_column][\/vc_row][vc_row][vc_column][vc_column_text el_class=&#8221;nosotros-dc&#8221;]DC INMOBILIARIA es una empresa joven, con gran liderazgo y visi\u00f3n de futuro, que ha comenzado sus actividades en el rubro inmobiliario en la ciudad de Santa Fe y alrededores. Entendemos que en la actividad intervienen diferentes profesionales, donde cada uno desde su lugar aporta su visi\u00f3n y recomendaci\u00f3n t\u00e9cnica, corredores inmobiliarios, &#8230;<\/p>\n","protected":false},"author":1,"featured_media":0,"parent":0,"menu_order":0,"comment_status":"closed","ping_status":"closed","template":"","meta":{"inline_featured_image":false,"_joinchat":[],"footnotes":""},"class_list":["post-40","page","type-page","status-publish","hentry"],"_links":{"self":[{"href":"https:\/\/inmobiliariadc.com\/index.php\/wp-json\/wp\/v2\/pages\/40","targetHints":{"allow":["GET"]}}],"collection":[{"href":"https:\/\/inmobiliariadc.com\/index.php\/wp-json\/wp\/v2\/pages"}],"about":[{"href":"https:\/\/inmobiliariadc.com\/index.php\/wp-json\/wp\/v2\/types\/page"}],"author":[{"embeddable":true,"href":"https:\/\/inmobiliariadc.com\/index.php\/wp-json\/wp\/v2\/users\/1"}],"replies":[{"embeddable":true,"href":"https:\/\/inmobiliariadc.com\/index.php\/wp-json\/wp\/v2\/comments?post=40"}],"version-history":[{"count":20,"href":"https:\/\/inmobiliariadc.com\/index.php\/wp-json\/wp\/v2\/pages\/40\/revisions"}],"predecessor-version":[{"id":19457,"href":"https:\/\/inmobiliariadc.com\/index.php\/wp-json\/wp\/v2\/pages\/40\/revisions\/19457"}],"wp:attachment":[{"href":"https:\/\/inmobiliariadc.com\/index.php\/wp-json\/wp\/v2\/media?parent=40"}],"curies":[{"name":"wp","href":"https:\/\/api.w.org\/{rel}","templated":true}]}}